{"id":951,"date":"2024-12-08T17:41:52","date_gmt":"2024-12-08T17:41:52","guid":{"rendered":"http:\/\/www.esteticamariarodriguez.com\/?page_id=951"},"modified":"2024-12-08T18:05:24","modified_gmt":"2024-12-08T18:05:24","slug":"eliminacion-de-tatuajes-mediante-laser","status":"publish","type":"page","link":"https:\/\/www.esteticamariarodriguez.com\/?page_id=951","title":{"rendered":"Eliminaci\u00f3n de tatuajes mediante l\u00e1ser"},"content":{"rendered":"<div id='av_section_1'  class='avia-section av-av_section-a5bb92af5cbc65a77be789e0dbf47f69 main_color avia-section-default avia-no-border-styling  avia-builder-el-0  avia-builder-el-no-sibling  avia-bg-style-scroll container_wrap fullsize'  ><div class='container av-section-cont-open' ><main  role=\"main\" itemprop=\"mainContentOfPage\"  class='template-page content  av-content-full alpha units'><div class='post-entry post-entry-type-page post-entry-951'><div class='entry-content-wrapper clearfix'>\n\n<style type=\"text\/css\" data-created_by=\"avia_inline_auto\" id=\"style-css-av-m4fvxvjc-2f5e3b6ea94c65a47b6d6cc3bba3928f\">\n#top .av-special-heading.av-m4fvxvjc-2f5e3b6ea94c65a47b6d6cc3bba3928f{\npadding-bottom:10px;\n}\nbody .av-special-heading.av-m4fvxvjc-2f5e3b6ea94c65a47b6d6cc3bba3928f .av-special-heading-tag .heading-char{\nfont-size:25px;\n}\n.av-special-heading.av-m4fvxvjc-2f5e3b6ea94c65a47b6d6cc3bba3928f .av-subheading{\nfont-size:15px;\n}\n<\/style>\n<div  class='av-special-heading av-m4fvxvjc-2f5e3b6ea94c65a47b6d6cc3bba3928f av-special-heading-h2 blockquote modern-quote modern-centered  avia-builder-el-1  el_before_av_one_half  avia-builder-el-first '><h2 class='av-special-heading-tag '  itemprop=\"headline\"  >L\u00e1ser Q-SWITCHED ND: YAG\/KTP CON TECNOLOG\u00cdA PICO-TECH<\/h2><div class=\"special-heading-border\"><div class=\"special-heading-inner-border\"><\/div><\/div><\/div>\n<div  class='flex_column av-j70i7-2a9c3b778eaf8e7f056831430e94a4ff av_one_half  avia-builder-el-2  el_after_av_heading  el_before_av_one_half  first flex_column_div  '     ><style type=\"text\/css\" data-created_by=\"avia_inline_auto\" id=\"style-css-av-m4fw4h60-e08a6d829c122d1b95acc53757452a0d\">\n.avia-image-container.av-m4fw4h60-e08a6d829c122d1b95acc53757452a0d img.avia_image{\nbox-shadow:none;\n}\n.avia-image-container.av-m4fw4h60-e08a6d829c122d1b95acc53757452a0d .av-image-caption-overlay-center{\ncolor:#ffffff;\n}\n<\/style>\n<div  class='avia-image-container av-m4fw4h60-e08a6d829c122d1b95acc53757452a0d av-styling- avia-align-center  avia-builder-el-3  avia-builder-el-no-sibling '   itemprop=\"image\" itemscope=\"itemscope\" itemtype=\"https:\/\/schema.org\/ImageObject\" ><div class=\"avia-image-container-inner\"><div class=\"avia-image-overlay-wrap\"><img fetchpriority=\"high\" class='wp-image-952 avia-img-lazy-loading-not-952 avia_image ' src='https:\/\/www.esteticamariarodriguez.com\/wp-content\/uploads\/2024\/12\/laser-tatoo-web.jpg' alt='' title='laser tatoo web'  height=\"463\" width=\"463\"  itemprop=\"thumbnailUrl\"  \/><\/div><\/div><\/div><\/div><div  class='flex_column av-gpvef-6c6e5c99fa2df77937f19efcc9b2d32e av_one_half  avia-builder-el-4  el_after_av_one_half  el_before_av_one_full  flex_column_div  '     ><style type=\"text\/css\" data-created_by=\"avia_inline_auto\" id=\"style-css-av-m4fw4sd7-5074bdee8ab48a8900285e93c13327a3\">\n.avia-image-container.av-m4fw4sd7-5074bdee8ab48a8900285e93c13327a3 img.avia_image{\nbox-shadow:none;\n}\n.avia-image-container.av-m4fw4sd7-5074bdee8ab48a8900285e93c13327a3 .av-image-caption-overlay-center{\ncolor:#ffffff;\n}\n<\/style>\n<div  class='avia-image-container av-m4fw4sd7-5074bdee8ab48a8900285e93c13327a3 av-styling- avia-align-center  avia-builder-el-5  avia-builder-el-no-sibling '   itemprop=\"image\" itemscope=\"itemscope\" itemtype=\"https:\/\/schema.org\/ImageObject\" ><div class=\"avia-image-container-inner\"><div class=\"avia-image-overlay-wrap\"><img fetchpriority=\"high\" class='wp-image-953 avia-img-lazy-loading-not-953 avia_image ' src='https:\/\/www.esteticamariarodriguez.com\/wp-content\/uploads\/2024\/12\/laser-tatoo-web-2-scaled-e1733681103755.jpg' alt='' title='laser tatoo web 2'  height=\"450\" width=\"269\"  itemprop=\"thumbnailUrl\"  \/><\/div><\/div><\/div><\/div><div  class='flex_column av-9zpt3-c38731a83836b6026b5a65749c87922f av_one_full  avia-builder-el-6  el_after_av_one_half  avia-builder-el-last  first flex_column_div  column-top-margin'     ><section  class='av_textblock_section av-m4fw1ury-c0fe1962c987904e85b2857638f0e5c5 '   itemscope=\"itemscope\" itemtype=\"https:\/\/schema.org\/CreativeWork\" ><div class='avia_textblock'  itemprop=\"text\" ><p><strong>Podemos afirmar que el mejor equipo de Laser Q-switched es aquel que es capaz de generar pulsos de alta intensidad de energ\u00eda y en el menor tiempo posible.<\/strong><\/p>\n<p>El de Nd-YAG\/KTP resulta ser m\u00e1s vers\u00e1til y el m\u00e1s empleado por su capacidad de poder emitir en dos longitudes de onda. A 1064 nm (opci\u00f3n N:YAG ), se consigue una buena profundidad de penetraci\u00f3n, emplea pulso mucho m\u00e1s cortos siendo ideal para eliminar el color negro y el azul oscuro. Por otra parte emitiendo a 532 nm (opci\u00f3n KTP) tendremos resultados excelentes frente al rojo, naranja, amarillo, p\u00farpura, violeta, incluso el verde.<\/p>\n<p>Con el 1064nm lo hace id\u00f3neo para borrar tatuajes en pieles oscuras y con menor riesgo de provocar hipopigmentaci\u00f3n residual. Con el\u00a0 532nm (KTP) es altamente absorbida por la melanina, por lo que hace id\u00f3nea para eliminar manchas y l\u00e9ntigos solares.<\/p>\n<p>Es el m\u00e1s utilizado en la actualidad para eliminar tatuajes por su versatilidad, buenos resultados, menor duraci\u00f3n de sus pulsos, menor residuo t\u00e9rmico y mayor capacidad de penetraci\u00f3n.<\/p>\n<p>El pigmento del tatuaje o micropigmentaci\u00f3n se eliminar\u00e1 por :<\/p>\n<ul>\n<li><strong>Evaporaci\u00f3n\u00a0<\/strong>en el momento por la\u00a0<strong>reacci\u00f3n qu\u00edmica <\/strong>que este sufre frente al l\u00e1ser.<\/li>\n<li>La <strong>fragmentaci\u00f3n de la tinta o pigmento<\/strong> en peque\u00f1as part\u00edculas que van a ser fagocitadas por los macr\u00f3fagos por el <strong>sistema linf\u00e1tico<\/strong>.<\/li>\n<li><strong>Eliminaci\u00f3n transd\u00e9rmica<\/strong>.<\/li>\n<\/ul>\n<p>La eliminaci\u00f3n de un tatuaje o micropigmentaci\u00f3n con l\u00e1ser quiere varias sesiones lo cual resulta en ocasiones totalmente impredecible. Depender\u00e1 de la localizaci\u00f3n, calidad y cantidad del pigmento o tinta, colores que lo componen,\u00a0 presencia de fibrosis y cicatrices de el tatuaje o micropigmentaci\u00f3n.<\/p>\n<p>Trabajamos con la tecnolog\u00eda pico-tech (pulsos Ultra cortos )lo cual hace el tratamiento mucho menos molesto y con una energ\u00eda alta para la eliminaci\u00f3n completa de todas las tintas sin da\u00f1os ni cicatrices en la piel. Al aplicar el l\u00e1ser, se produce un efecto fotoac\u00fastico, que act\u00faa sobre las bolsas de tinta que est\u00e1n en la dermis, fragment\u00e1ndolas para que el sistema linf\u00e1tico pueda eliminarlas. Pasado unos 20 d\u00edas, ser\u00e1 cuando se empiece a observar los resultados y el tatuaje comienza a perder color. El intervalo de las sesiones se har\u00e1 de 25 a 30 d\u00edas.<\/p>\n<\/div><\/section><\/div>\n","protected":false},"excerpt":{"rendered":"","protected":false},"author":1,"featured_media":0,"parent":0,"menu_order":0,"comment_status":"closed","ping_status":"closed","template":"","meta":{"footnotes":""},"class_list":["post-951","page","type-page","status-publish","hentry"],"_links":{"self":[{"href":"https:\/\/www.esteticamariarodriguez.com\/index.php?rest_route=\/wp\/v2\/pages\/951","targetHints":{"allow":["GET"]}}],"collection":[{"href":"https:\/\/www.esteticamariarodriguez.com\/index.php?rest_route=\/wp\/v2\/pages"}],"about":[{"href":"https:\/\/www.esteticamariarodriguez.com\/index.php?rest_route=\/wp\/v2\/types\/page"}],"author":[{"embeddable":true,"href":"https:\/\/www.esteticamariarodriguez.com\/index.php?rest_route=\/wp\/v2\/users\/1"}],"replies":[{"embeddable":true,"href":"https:\/\/www.esteticamariarodriguez.com\/index.php?rest_route=%2Fwp%2Fv2%2Fcomments&post=951"}],"version-history":[{"count":9,"href":"https:\/\/www.esteticamariarodriguez.com\/index.php?rest_route=\/wp\/v2\/pages\/951\/revisions"}],"predecessor-version":[{"id":966,"href":"https:\/\/www.esteticamariarodriguez.com\/index.php?rest_route=\/wp\/v2\/pages\/951\/revisions\/966"}],"wp:attachment":[{"href":"https:\/\/www.esteticamariarodriguez.com\/index.php?rest_route=%2Fwp%2Fv2%2Fmedia&parent=951"}],"curies":[{"name":"wp","href":"https:\/\/api.w.org\/{rel}","templated":true}]}}