{"id":88,"date":"2014-08-09T21:34:47","date_gmt":"2014-08-09T21:34:47","guid":{"rendered":"http:\/\/www.esteticamariarodriguez.com\/?page_id=88"},"modified":"2015-01-26T22:47:42","modified_gmt":"2015-01-26T22:47:42","slug":"ded-depilacion-electrica-definitiva","status":"publish","type":"page","link":"https:\/\/www.esteticamariarodriguez.com\/?page_id=88","title":{"rendered":"DED ( Depilaci\u00f3n el\u00e9ctrica definitiva)"},"content":{"rendered":"\n<style type=\"text\/css\" data-created_by=\"avia_inline_auto\" id=\"style-css-av-av_heading-f586e7cea640268677eba87426981f8b\">\n#top .av-special-heading.av-av_heading-f586e7cea640268677eba87426981f8b{\npadding-bottom:30px;\n}\nbody .av-special-heading.av-av_heading-f586e7cea640268677eba87426981f8b .av-special-heading-tag .heading-char{\nfont-size:25px;\n}\n.av-special-heading.av-av_heading-f586e7cea640268677eba87426981f8b .av-subheading{\nfont-size:15px;\n}\n<\/style>\n<div  class='av-special-heading av-av_heading-f586e7cea640268677eba87426981f8b av-special-heading-h2 blockquote modern-quote modern-centered  avia-builder-el-0  el_before_av_one_half  avia-builder-el-first '><h2 class='av-special-heading-tag '  itemprop=\"headline\"  >DED ( Depilaci\u00f3n el\u00e9ctrica definitiva)<\/h2><div class=\"special-heading-border\"><div class=\"special-heading-inner-border\"><\/div><\/div><\/div>\n<div  class='flex_column av-av_one_half-2a9015ff38129c418a3f2eafba3e9512 av_one_half  avia-builder-el-1  el_after_av_heading  el_before_av_one_half  first flex_column_div  '     ><style type=\"text\/css\" data-created_by=\"avia_inline_auto\" id=\"style-css-av-av_image-03485af2554ccc180c2b6e1a33528a62\">\n.avia-image-container.av-av_image-03485af2554ccc180c2b6e1a33528a62 img.avia_image{\nbox-shadow:none;\n}\n.avia-image-container.av-av_image-03485af2554ccc180c2b6e1a33528a62 .av-image-caption-overlay-center{\ncolor:#ffffff;\n}\n<\/style>\n<div  class='avia-image-container av-av_image-03485af2554ccc180c2b6e1a33528a62 av-styling- avia-align-center  avia-builder-el-2  avia-builder-el-no-sibling '   itemprop=\"image\" itemscope=\"itemscope\" itemtype=\"https:\/\/schema.org\/ImageObject\" ><div class=\"avia-image-container-inner\"><div class=\"avia-image-overlay-wrap\"><img fetchpriority=\"high\" class='wp-image-350 avia-img-lazy-loading-not-350 avia_image ' src='https:\/\/www.esteticamariarodriguez.com\/wp-content\/uploads\/2014\/08\/depilacionElectrica-e1422219956879.jpg' alt='Depilaci\u00f3n el\u00e9ctrica' title='Depilaci\u00f3n El\u00e9ctrica Definitiva'   itemprop=\"thumbnailUrl\"  \/><\/div><\/div><\/div><\/div>\n<div  class='flex_column av-av_one_half-bb0c93372dbfdfd42698443400a42550 av_one_half  avia-builder-el-3  el_after_av_one_half  avia-builder-el-last  flex_column_div  '     ><section  class='av_textblock_section av-av_textblock-7f317741ca2418a36614f046e139f8be '   itemscope=\"itemscope\" itemtype=\"https:\/\/schema.org\/CreativeWork\" ><div class='avia_textblock'  itemprop=\"text\" ><p style=\"color: #555e58;\">La <strong>depilaci\u00f3n el\u00e9ctrica<\/strong> es la \u00fanica t\u00e9cnica considerada como depilaci\u00f3n definitiva, ya que elimina cualquier tipo de vello con independencia de su color o grosor. Realizada en varias sesiones, el pelo desaparece de forma progresiva.<\/p>\n<p style=\"color: #555e58;\">Se canaliza una fina aguja \u00a0hasta el fondo del fol\u00edculo accionando mediante un pedal \u00a0una peque\u00f1a cantidad de corriente que destruir\u00e1 las c\u00e9lulas germinativas, dejando el fol\u00edculo sin capacidad para regenerarse.<\/p>\n<p style=\"color: #555e58;\">Con una buena t\u00e9cnica nunca deber\u00edamos notar como la profesional tira del pelo, debe salir sin resistencia alguna.<\/p>\n<\/div><\/section><br \/>\n\n<style type=\"text\/css\" data-created_by=\"avia_inline_auto\" id=\"style-css-av-av_hr-2683186cf6c434c3fdebf44adb9dc21f\">\n#top .hr.hr-invisible.av-av_hr-2683186cf6c434c3fdebf44adb9dc21f{\nheight:20px;\n}\n<\/style>\n<div  class='hr av-av_hr-2683186cf6c434c3fdebf44adb9dc21f hr-invisible  avia-builder-el-5  el_after_av_textblock  el_before_av_button '><span class='hr-inner '><span class=\"hr-inner-style\"><\/span><\/span><\/div><br \/>\n<div  class='avia-button-wrap av-av_button-233ebeb22bf2ad3f9c2ccbde6708f92f-wrap avia-button-center  avia-builder-el-6  el_after_av_hr  avia-builder-el-last '>\n<style type=\"text\/css\" data-created_by=\"avia_inline_auto\" id=\"style-css-av-av_button-233ebeb22bf2ad3f9c2ccbde6708f92f\">\n#top #wrap_all .avia-button.av-av_button-233ebeb22bf2ad3f9c2ccbde6708f92f{\nbackground-color:#969696;\nborder-color:#969696;\ncolor:#ffffff;\ntransition:all 0.4s ease-in-out;\n}\n<\/style>\n<a href='https:\/\/www.esteticamariarodriguez.com\/?page_id=340'  class='avia-button av-av_button-233ebeb22bf2ad3f9c2ccbde6708f92f av-link-btn avia-icon_select-yes-left-icon avia-size-small avia-position-center'   aria-label=\"VOLVER\"><span class='avia_button_icon avia_button_icon_left' aria-hidden='true' data-av_icon='\ue830' data-av_iconfont='entypo-fontello'><\/span><span class='avia_iconbox_title' >VOLVER<\/span><\/a><\/div><\/p><\/div>\n","protected":false},"excerpt":{"rendered":"","protected":false},"author":1,"featured_media":0,"parent":0,"menu_order":0,"comment_status":"open","ping_status":"open","template":"","meta":{"footnotes":""},"class_list":["post-88","page","type-page","status-publish","hentry"],"_links":{"self":[{"href":"https:\/\/www.esteticamariarodriguez.com\/index.php?rest_route=\/wp\/v2\/pages\/88","targetHints":{"allow":["GET"]}}],"collection":[{"href":"https:\/\/www.esteticamariarodriguez.com\/index.php?rest_route=\/wp\/v2\/pages"}],"about":[{"href":"https:\/\/www.esteticamariarodriguez.com\/index.php?rest_route=\/wp\/v2\/types\/page"}],"author":[{"embeddable":true,"href":"https:\/\/www.esteticamariarodriguez.com\/index.php?rest_route=\/wp\/v2\/users\/1"}],"replies":[{"embeddable":true,"href":"https:\/\/www.esteticamariarodriguez.com\/index.php?rest_route=%2Fwp%2Fv2%2Fcomments&post=88"}],"version-history":[{"count":7,"href":"https:\/\/www.esteticamariarodriguez.com\/index.php?rest_route=\/wp\/v2\/pages\/88\/revisions"}],"predecessor-version":[{"id":395,"href":"https:\/\/www.esteticamariarodriguez.com\/index.php?rest_route=\/wp\/v2\/pages\/88\/revisions\/395"}],"wp:attachment":[{"href":"https:\/\/www.esteticamariarodriguez.com\/index.php?rest_route=%2Fwp%2Fv2%2Fmedia&parent=88"}],"curies":[{"name":"wp","href":"https:\/\/api.w.org\/{rel}","templated":true}]}}