{"id":82,"date":"2014-08-09T21:30:36","date_gmt":"2014-08-09T21:30:36","guid":{"rendered":"http:\/\/www.esteticamariarodriguez.com\/?page_id=82"},"modified":"2015-10-14T21:21:47","modified_gmt":"2015-10-14T21:21:47","slug":"nutricion-y-dietetica","status":"publish","type":"page","link":"https:\/\/www.esteticamariarodriguez.com\/?page_id=82","title":{"rendered":"Nutrici\u00f3n y diet\u00e9tica"},"content":{"rendered":"\n<style type=\"text\/css\" data-created_by=\"avia_inline_auto\" id=\"style-css-av-av_heading-1e996b62c4352ee007798e6c9a1e0d64\">\n#top .av-special-heading.av-av_heading-1e996b62c4352ee007798e6c9a1e0d64{\npadding-bottom:30px;\n}\nbody .av-special-heading.av-av_heading-1e996b62c4352ee007798e6c9a1e0d64 .av-special-heading-tag .heading-char{\nfont-size:25px;\n}\n.av-special-heading.av-av_heading-1e996b62c4352ee007798e6c9a1e0d64 .av-subheading{\nfont-size:15px;\n}\n<\/style>\n<div  class='av-special-heading av-av_heading-1e996b62c4352ee007798e6c9a1e0d64 av-special-heading-h2 blockquote modern-quote modern-centered  avia-builder-el-0  el_before_av_image  avia-builder-el-first '><h2 class='av-special-heading-tag '  itemprop=\"headline\"  >Nutrici\u00f3n y diet\u00e9tica<\/h2><div class=\"special-heading-border\"><div class=\"special-heading-inner-border\"><\/div><\/div><\/div>\n\n<style type=\"text\/css\" data-created_by=\"avia_inline_auto\" id=\"style-css-av-av_image-e3897fea7cd51cf4147b48172416b7ce\">\n.avia-image-container.av-av_image-e3897fea7cd51cf4147b48172416b7ce img.avia_image{\nbox-shadow:none;\n}\n.avia-image-container.av-av_image-e3897fea7cd51cf4147b48172416b7ce .av-image-caption-overlay-center{\ncolor:#ffffff;\n}\n<\/style>\n<div  class='avia-image-container av-av_image-e3897fea7cd51cf4147b48172416b7ce av-styling- avia_animated_image av-animated-when-visible-95 bottom-to-top avia-align-center  avia-builder-el-1  el_after_av_heading  el_before_av_hr '   itemprop=\"image\" itemscope=\"itemscope\" itemtype=\"https:\/\/schema.org\/ImageObject\" ><div class=\"avia-image-container-inner\"><div class=\"avia-image-overlay-wrap\"><img fetchpriority=\"high\" class='wp-image-443 avia-img-lazy-loading-not-443 avia_image ' src='https:\/\/www.esteticamariarodriguez.com\/wp-content\/uploads\/2014\/08\/nutricion21-1030x360.jpg' alt='' title='nutricion2'   itemprop=\"thumbnailUrl\"  \/><\/div><\/div><\/div>\n\n<style type=\"text\/css\" data-created_by=\"avia_inline_auto\" id=\"style-css-av-av_hr-2683186cf6c434c3fdebf44adb9dc21f\">\n#top .hr.hr-invisible.av-av_hr-2683186cf6c434c3fdebf44adb9dc21f{\nheight:20px;\n}\n<\/style>\n<div  class='hr av-av_hr-2683186cf6c434c3fdebf44adb9dc21f hr-invisible  avia-builder-el-2  el_after_av_image  el_before_av_textblock '><span class='hr-inner '><span class=\"hr-inner-style\"><\/span><\/span><\/div>\n<section  class='av_textblock_section av-av_textblock-7f317741ca2418a36614f046e139f8be '   itemscope=\"itemscope\" itemtype=\"https:\/\/schema.org\/CreativeWork\" ><div class='avia_textblock'  itemprop=\"text\" ><p>Violeta Floriano Rodr\u00edguez, licenciada en <strong>Ciencia y Tecnolog\u00eda de los Alimentos<\/strong> por la Universidad de Extremadura y Diplomada en <strong>Nutrici\u00f3n Humana y Diet\u00e9tica<\/strong> por la Universidad de Navarra, finalizando sus estudios con la obtenci\u00f3n del <strong>M\u00e1ster en Ciencia y Tecnolog\u00eda de la\u00a0<\/strong><strong>carne<\/strong> en la facultad de veterinaria De C\u00e1ceres.<\/p>\n<p>Entre otros trabajos ha cooperado con el servicio de endocrinolog\u00eda y cocina en el Hospital San Pedro de Alc\u00e1ntara de C\u00e1ceres y en el programa <em>Perseo \u201cPrevalencia de la obesidad\u00a0<\/em><em>infantil y promoci\u00f3n de la actividad f\u00edsica\u201d<\/em>.<\/p>\n<p>Lleva varios a\u00f1os dedic\u00e1ndose a la nutrici\u00f3n en Extremadura y desde el a\u00f1o 2011 tiene su propia consulta, colaborando actualmente con el centro de est\u00e9tica Mar\u00eda Rodr\u00edguez.<\/p>\n<p>Su vocaci\u00f3n como nutricionista, hace que cada d\u00eda se de cuenta de lo importante que es tener una buena educaci\u00f3n nutricional, saber comer bien y equilibradamente nos puede traer numerosos beneficios para nuestra salud y calidad de vida; al elegir lo que vamos a comer, estamos eligiendo en cierto modo nuestra salud, para sentirnos bien con nosotros mismos y estar a gusto con nuestro cuerpo.<\/p>\n<p><em>El asesoramiento en Nutrici\u00f3n<\/em> ofrece soluciones sanas y efectivas para perder peso saludablemente, comiendo bien, adaptado a los gustos de cada persona, manteniendo el peso perdido en el tiempo, ya que es importante la reeducaci\u00f3n nutricional de los h\u00e1bitos alimentarios de cada persona.<\/p>\n<p>La realizaci\u00f3n de un estudio metab\u00f3lico individualizado permite ver la composici\u00f3n corporal y el estado nutricional, ayud\u00e1ndonos a actuar sobre esos h\u00e1bitos inadecuados.<\/p>\n<\/div><\/section>\n","protected":false},"excerpt":{"rendered":"","protected":false},"author":1,"featured_media":0,"parent":0,"menu_order":0,"comment_status":"open","ping_status":"open","template":"","meta":{"footnotes":""},"class_list":["post-82","page","type-page","status-publish","hentry"],"_links":{"self":[{"href":"https:\/\/www.esteticamariarodriguez.com\/index.php?rest_route=\/wp\/v2\/pages\/82","targetHints":{"allow":["GET"]}}],"collection":[{"href":"https:\/\/www.esteticamariarodriguez.com\/index.php?rest_route=\/wp\/v2\/pages"}],"about":[{"href":"https:\/\/www.esteticamariarodriguez.com\/index.php?rest_route=\/wp\/v2\/types\/page"}],"author":[{"embeddable":true,"href":"https:\/\/www.esteticamariarodriguez.com\/index.php?rest_route=\/wp\/v2\/users\/1"}],"replies":[{"embeddable":true,"href":"https:\/\/www.esteticamariarodriguez.com\/index.php?rest_route=%2Fwp%2Fv2%2Fcomments&post=82"}],"version-history":[{"count":9,"href":"https:\/\/www.esteticamariarodriguez.com\/index.php?rest_route=\/wp\/v2\/pages\/82\/revisions"}],"predecessor-version":[{"id":570,"href":"https:\/\/www.esteticamariarodriguez.com\/index.php?rest_route=\/wp\/v2\/pages\/82\/revisions\/570"}],"wp:attachment":[{"href":"https:\/\/www.esteticamariarodriguez.com\/index.php?rest_route=%2Fwp%2Fv2%2Fmedia&parent=82"}],"curies":[{"name":"wp","href":"https:\/\/api.w.org\/{rel}","templated":true}]}}