{"id":367,"date":"2015-01-25T22:22:20","date_gmt":"2015-01-25T22:22:20","guid":{"rendered":"http:\/\/www.esteticamariarodriguez.com\/?page_id=367"},"modified":"2019-11-10T18:58:00","modified_gmt":"2019-11-10T18:58:00","slug":"pestanas","status":"publish","type":"page","link":"https:\/\/www.esteticamariarodriguez.com\/?page_id=367","title":{"rendered":"Pesta\u00f1as"},"content":{"rendered":"\n<style type=\"text\/css\" data-created_by=\"avia_inline_auto\" id=\"style-css-av-av_heading-0349ed1a10f4d5fa5fda99858fea7a13\">\n#top .av-special-heading.av-av_heading-0349ed1a10f4d5fa5fda99858fea7a13{\npadding-bottom:30px;\n}\nbody .av-special-heading.av-av_heading-0349ed1a10f4d5fa5fda99858fea7a13 .av-special-heading-tag .heading-char{\nfont-size:25px;\n}\n.av-special-heading.av-av_heading-0349ed1a10f4d5fa5fda99858fea7a13 .av-subheading{\nfont-size:15px;\n}\n<\/style>\n<div  class='av-special-heading av-av_heading-0349ed1a10f4d5fa5fda99858fea7a13 av-special-heading-h2 blockquote modern-quote modern-centered  avia-builder-el-0  el_before_av_image  avia-builder-el-first '><h2 class='av-special-heading-tag '  itemprop=\"headline\"  >Pesta\u00f1as<\/h2><div class=\"special-heading-border\"><div class=\"special-heading-inner-border\"><\/div><\/div><\/div>\n\n<style type=\"text\/css\" data-created_by=\"avia_inline_auto\" id=\"style-css-av-av_image-5b4fd0e7e42c2a345f660e604fa68e18\">\n.avia-image-container.av-av_image-5b4fd0e7e42c2a345f660e604fa68e18 img.avia_image{\nbox-shadow:none;\n}\n.avia-image-container.av-av_image-5b4fd0e7e42c2a345f660e604fa68e18 .av-image-caption-overlay-center{\ncolor:#ffffff;\n}\n<\/style>\n<div  class='avia-image-container av-av_image-5b4fd0e7e42c2a345f660e604fa68e18 av-styling- avia-align-center  avia-builder-el-1  el_after_av_heading  el_before_av_hr '   itemprop=\"image\" itemscope=\"itemscope\" itemtype=\"https:\/\/schema.org\/ImageObject\" ><div class=\"avia-image-container-inner\"><div class=\"avia-image-overlay-wrap\"><img fetchpriority=\"high\" class='wp-image-577 avia-img-lazy-loading-not-577 avia_image ' src='https:\/\/www.esteticamariarodriguez.com\/wp-content\/uploads\/2015\/01\/pestanasHigh3-1125x430.jpg' alt='Tratamiento Pesta\u00f1as' title='Pesta\u00f1as'   itemprop=\"thumbnailUrl\"  \/><\/div><\/div><\/div>\n\n<style type=\"text\/css\" data-created_by=\"avia_inline_auto\" id=\"style-css-av-av_hr-2683186cf6c434c3fdebf44adb9dc21f\">\n#top .hr.hr-invisible.av-av_hr-2683186cf6c434c3fdebf44adb9dc21f{\nheight:20px;\n}\n<\/style>\n<div  class='hr av-av_hr-2683186cf6c434c3fdebf44adb9dc21f hr-invisible  avia-builder-el-2  el_after_av_image  el_before_av_textblock '><span class='hr-inner '><span class=\"hr-inner-style\"><\/span><\/span><\/div>\n<section  class='av_textblock_section av-av_textblock-0366cc7376be6c9e82a3e9cc8987b64f '   itemscope=\"itemscope\" itemtype=\"https:\/\/schema.org\/CreativeWork\" ><div class='avia_textblock'  itemprop=\"text\" ><p><span style=\"color: #444444;\"><strong>Permanente de pesta\u00f1as<\/strong>, conseguimos la curvatura natural de la pesta\u00f1a. Indicada para pesta\u00f1as demasiado rectas. tiene una duraci\u00f3n de unos 3 meses.<\/span><\/p>\n<div style=\"color: #444444;\"><strong>Tinte de pesta\u00f1as<\/strong>, para aquellas personas que tengan las pesta\u00f1as muy claras y no les guste maquillarse. No da volumen ni efecto m\u00e1scara.<\/div>\n<div style=\"color: #444444;\"><\/div>\n<div style=\"color: #444444;\"><\/div>\n<p><strong>Extensiones de pesta\u00f1as, <\/strong>alarga y da volumen a tus pesta\u00f1as durante 4 semanas<\/p>\n<div style=\"color: #444444;\"><\/div>\n<div style=\"color: #444444;\"><\/div>\n<\/div><\/section>\n<div id='avia-messagebox-' class='avia_message_box av_notification av-av_notification-0c73eda85949f8383a5cd61e3bec7c21 avia-color-silver avia-size-large avia-icon_select-yes avia-border-  avia-builder-el-4  el_after_av_textblock  el_before_av_hr ' ><div class=\"avia_message_box_content\"><span class='avia_message_box_icon' aria-hidden='true' data-av_icon='\ue81e' data-av_iconfont='entypo-fontello'><\/span><p>El producto debe ser retirado en tu centro de est\u00e9tica<\/p>\n<\/div><\/div>\n\n<style type=\"text\/css\" data-created_by=\"avia_inline_auto\" id=\"style-css-av-av_hr-748612a24b790424714059f28c50f227\">\n#top .hr.hr-invisible.av-av_hr-748612a24b790424714059f28c50f227{\nheight:40px;\n}\n<\/style>\n<div  class='hr av-av_hr-748612a24b790424714059f28c50f227 hr-invisible  avia-builder-el-5  el_after_av_notification  el_before_av_button '><span class='hr-inner '><span class=\"hr-inner-style\"><\/span><\/span><\/div>\n<div  class='avia-button-wrap av-av_button-a063349dae95a18e1c15d5e5d839906c-wrap avia-button-center  avia-builder-el-6  el_after_av_hr  avia-builder-el-last '>\n<style type=\"text\/css\" data-created_by=\"avia_inline_auto\" id=\"style-css-av-av_button-a063349dae95a18e1c15d5e5d839906c\">\n#top #wrap_all .avia-button.av-av_button-a063349dae95a18e1c15d5e5d839906c{\nbackground-color:#969696;\nborder-color:#969696;\ncolor:#ffffff;\ntransition:all 0.4s ease-in-out;\n}\n<\/style>\n<a href='https:\/\/www.esteticamariarodriguez.com\/?page_id=340'  class='avia-button av-av_button-a063349dae95a18e1c15d5e5d839906c av-link-btn avia-icon_select-yes-left-icon avia-size-medium avia-position-center'   aria-label=\"VOLVER\"><span class='avia_button_icon avia_button_icon_left' aria-hidden='true' data-av_icon='\ue830' data-av_iconfont='entypo-fontello'><\/span><span class='avia_iconbox_title' >VOLVER<\/span><\/a><\/div>\n","protected":false},"excerpt":{"rendered":"","protected":false},"author":1,"featured_media":0,"parent":0,"menu_order":0,"comment_status":"open","ping_status":"open","template":"","meta":{"footnotes":""},"class_list":["post-367","page","type-page","status-publish","hentry"],"_links":{"self":[{"href":"https:\/\/www.esteticamariarodriguez.com\/index.php?rest_route=\/wp\/v2\/pages\/367","targetHints":{"allow":["GET"]}}],"collection":[{"href":"https:\/\/www.esteticamariarodriguez.com\/index.php?rest_route=\/wp\/v2\/pages"}],"about":[{"href":"https:\/\/www.esteticamariarodriguez.com\/index.php?rest_route=\/wp\/v2\/types\/page"}],"author":[{"embeddable":true,"href":"https:\/\/www.esteticamariarodriguez.com\/index.php?rest_route=\/wp\/v2\/users\/1"}],"replies":[{"embeddable":true,"href":"https:\/\/www.esteticamariarodriguez.com\/index.php?rest_route=%2Fwp%2Fv2%2Fcomments&post=367"}],"version-history":[{"count":8,"href":"https:\/\/www.esteticamariarodriguez.com\/index.php?rest_route=\/wp\/v2\/pages\/367\/revisions"}],"predecessor-version":[{"id":846,"href":"https:\/\/www.esteticamariarodriguez.com\/index.php?rest_route=\/wp\/v2\/pages\/367\/revisions\/846"}],"wp:attachment":[{"href":"https:\/\/www.esteticamariarodriguez.com\/index.php?rest_route=%2Fwp%2Fv2%2Fmedia&parent=367"}],"curies":[{"name":"wp","href":"https:\/\/api.w.org\/{rel}","templated":true}]}}